{"id":3,"date":"2022-02-09T10:07:20","date_gmt":"2022-02-09T09:07:20","guid":{"rendered":"http:\/\/beta.newwave-media.it\/italprofil\/?page_id=3"},"modified":"2022-03-07T15:16:24","modified_gmt":"2022-03-07T14:16:24","slug":"privacy-policy","status":"publish","type":"page","link":"https:\/\/www.italprofil.it\/it\/privacy-policy\/","title":{"rendered":"Privacy Policy"},"content":{"rendered":"<p>Di seguito vengono descritte ampiamente le modalit\u00e0 di gestione del sito in riferimento al trattamento dei dati personali degli utenti che lo consultano. Tale policy privacy \u00e8 data anche come breve informativa ai sensi del Regolamento Europeo in materia di privacy n. 679\/2016 (\u201cGDPR&#8221;). Il trattamento si basa sempre su principi di liceit\u00e0 e correttezza in ottemperanza a tutte le vigenti normative e vengono adottate idonee misure di sicurezza a protezione dei dati. Questa informativa privacy riguarda solamente questo sito web e non \u00e8 resa per gli altri eventuali siti consultati dall\u2019utente tramite link, i quali non sono vincolati dalla presente Informativa sulla privacy. Consigliamo di leggere con attenzione l\u2019informativa sulla privacy disponibile su tali siti esterni e di esaminare le procedure per la raccolta, l\u2019utilizzo e la divulgazione delle informazioni personali da essi utilizzate.<\/p>\n<p><strong>INFORMAZIONI PERSONALI CHE RACCOGLIAMO<\/strong><br \/>\nIn ogni occasione di contatto o interazione con il visitatore possiamo raccogliere delle informazioni personali come Nome, Cognome, Telefono, Email ed eventualmente ogni altro dato che ci viene fornito volontariamente dall\u2019utente. A parte quanto in seguito specificato per i dati di navigazione, gli utenti sono liberi di fornire i propri dati personali ed il loro mancato conferimento pu\u00f2 comportare unicamente l\u2019impossibilit\u00e0 di ottenere quanto richiesto.<\/p>\n<p><strong>INFORMAZIONI CHE RACCOGLIAMO DA TERZE PARTI<\/strong><br \/>\nDurante la navigazione vengono raccolte informazioni standard di accesso e dettagli del modello di comportamento dei visitatori per ottenere informazioni quali, ad esempio, il numero di visitatori delle diverse sezioni del sito. Raccogliamo queste informazioni con modalit\u00e0 che non consentono l\u2019identificazione dell\u2019individuo. Non cerchiamo in alcun modo di scoprire l\u2019identit\u00e0 dei visitatori del nostro sito web e non associamo alcun dato raccolto tramite il sito con alcuna informazione, derivante da qualsiasi fonte, che possa identificare un individuo (fatte in ogni caso salve le informazioni fornite volontariamente dall\u2019utente).<\/p>\n<p><strong>FINALIT\u00c0 DEL TRATTAMENTO<\/strong><br \/>\nI dati di navigazione sono acquisiti dai sistemi informatici e dalle procedure software che regolano il funzionamento di questo sito. Si tratta di informazioni che non sono raccolte per permettere una successiva identificazione dell&#8217;utente, ma che vengono utilizzate al solo fine di ricavare informazioni statistiche anonime sull&#8217;uso del sito e per controllarne il corretto funzionamento; in questa categoria di dati rientrano gli indirizzi IP o i nomi a dominio dei computer utilizzati dagli utenti che si connettono al sito, l&#8217;orario della richiesta, il metodo utilizzato nel sottoporre la richiesta al server, il codice numerico indicante lo stato della risposta data dal server (buon fine, errore, ecc.) ed altri parametri relativi al sistema operativo e al browser utilizzati dall&#8217;utente. I dati forniti volontariamente dagli utenti attraverso questo sito sono trattati al solo fine di consentire l&#8217;accesso a prodotti, servizi e contenuti, nonch\u00e9 eseguire il servizio o la prestazione richiesta. In relazione ad alcuni specifici servizi, e previo consenso informato dell\u2019interessato, i dati inseriti possono essere utilizzati dal Titolare del trattamento anche per informare e aggiornare sui servizi offerti (ad esempio mediante l\u2019invio di newsletter), realizzare attivit\u00e0 di vendita o di collocamento di prodotti e servizi ed elaborare studi e ricerche di mercato. In ogni caso, i dati acquisiti potrebbero essere utilizzati per l\u2019accertamento di responsabilit\u00e0 in merito a ipotetici reati informatici ai danni del sito.<\/p>\n<p><strong>IDENTIT\u00c0 DEL TITOLARE DEL TRATTAMENTO<\/strong><br \/>\nQuesto sito \u00e8 gestito dal Titolare del trattamento, il quale \u00e8 responsabile per questa privacy policy ed \u00e8 identificato in \u201c<strong>Italprofil Srl &#8220;, con sede in Pozzo D\u2019Adda (Mi), Via del lavoro, 21, indirizzo e-mail:\u00a0<a title=\"\" href=\"mailto:italprofil@italprofil.it\">italprofil@italprofil.it<\/a><\/strong>\u00a0Il Titolare del trattamento garantisce la sicurezza, la riservatezza e la protezione dei dati di cui \u00e8 in possesso, in qualsiasi fase del processo di trattamento degli stessi. I dati raccolti vengono utilizzati nel rispetto della normativa vigente in materia di privacy (GDPR 679\/2016). I dati personali possono essere portati a conoscenza degli autorizzati al trattamento e possono essere comunicati a collaboratori e\/o ad altri soggetti rispetto ai quali la comunicazione \u00e8 necessaria per l\u2019erogazione dei servizi, per supporto tecnico dei servizi informatici\/telematici e conservazione server. I dati forniti dall\u2019utente potranno essere comunicati ai soggetti per i quali sussista un obbligo di comunicazione ai sensi di legge o una necessit\u00e0 di comunicazione per far valere un giusto diritto della titolare presso gli organi preposti. Non \u00e8 previsto il trasferimento dei dati personali raccolti in paesi extra-UE o ad organizzazioni internazionali.<\/p>\n<p><strong>TEMPI DI CONSERVAZIONE<\/strong><br \/>\nNel rispetto dei principi di proporzionalit\u00e0 e necessit\u00e0, i dati non saranno conservati per periodi pi\u00f9 lunghi rispetto a quelli indispensabili alla realizzazione delle finalit\u00e0 sopra indicate e, dunque, al servizio offerto o alle specifiche norme di legge. I dati raccolti attraverso i cookies, di cui alla specifica informativa che segue, saranno conservati a seconda della loro natura: i cookies di sessione scadono quando l&#8217;utente chiude il browser, i cookies persistenti hanno date di scadenza tipiche che, a meno di particolari eccezioni, non superano i\u00a0<strong>60<\/strong>\u00a0giorni.<br \/>\nL\u2019Utente pu\u00f2 sempre, in ogni momento, chiedere l\u2019interruzione del Trattamento o la cancellazione e\/o la limitazione dei Dati.<\/p>\n<p><strong>REVOCA DEL CONSENSO<\/strong><br \/>\nCon riferimento all\u2019art. 6 del GDPR 679\/16, l\u2019interessato pu\u00f2 revocare il consenso in qualsiasi momento.<br \/>\nIl GDPR 679\/2016 riconosce all&#8217;Interessato alcuni diritti: diritto di accesso ai dati raccolti e trattati \u2013 art. 15, diritto di ottenere la rettifica dei dati \u2013 art. 16, diritto di ottenere la cancellazione dei dati e diritto all\u2019oblio \u2013 art. 17, diritto di ottenere la limitazione di trattamento \u2013 art. 18, diritto alla portabilit\u00e0 dei dati ad altro titolare \u2013 art. 20, diritto di opposizione al trattamento \u2013 art. 21, diritto alla non sottoposizione a trattamenti automatizzati \u2013 art. 22, diritto di revocare il consenso in qualsiasi momento, senza pregiudicare la liceit\u00e0 del trattamento basata sul consenso prestato prima della revoca \u2013 art. 7, diritto di presentare reclamo all\u2019Autorit\u00e0 di Controllo \u2013 art. 77. L\u2019esercizio dei premessi diritti pu\u00f2 essere esercitato mediante l&#8217;invio di una richiesta mediante e-mail al seguente indirizzo:\u00a0<strong><a title=\"\" href=\"mailto:italprofil@italprofil.it\">italprofil@italprofil.it<\/a><\/strong>\u00a0Maggiori informazioni in relazione al trattamento dei Dati Personali potranno essere richieste in qualsiasi momento al Titolare del Trattamento utilizzando le informazioni di contatto.<\/p>\n<p><strong>MODIFICHE A QUESTA PRIVACY POLICY<\/strong><br \/>\nIl Titolare del Trattamento si riserva il diritto di apportare modifiche alla presente privacy policy in qualunque momento dandone pubblicit\u00e0 agli Utenti su questa pagina. Si prega dunque di consultare spesso questa pagina, prendendo come riferimento la data di ultima modifica indicata in fondo. Nel caso di mancata accettazione delle modifiche apportate alla presente privacy policy, l\u2019Utente \u00e8 tenuto a cessare l\u2019utilizzo di questa Applicazione e pu\u00f2 richiedere al Titolare del Trattamento di rimuovere i propri Dati Personali. Salvo quanto diversamente specificato.<\/p>\n<p><strong>LA PRIVACY DEI MINORENNI<\/strong><br \/>\nIl nostro sito web \u00e8 diretto a un pubblico generalista e non offre servizi indirizzati ai bambini. Se scopriamo che un minorenne ci ha fornito dati personali senza l\u2019autorizzazione dei genitori o del tutore, provvederemo a cancellare immediatamente tali informazioni.<\/p>\n<p><strong>DIFESA IN GIUDIZIO<\/strong><br \/>\nI Dati Personali dell\u2019Utente possono essere utilizzati per la difesa da parte del Titolare in giudizio o nelle fasi propedeutiche alla sua eventuale instaurazione, da abusi nell\u2019utilizzo della stessa o dei servizi connessi da parte dell\u2019Utente. A seguito di citazione in giudizio, ordinanza giudiziaria o altra iniziativa legale; al fine di stabilire o esercitare i diritti a noi riconosciuti dalla legge; per difenderci nell\u2019eventualit\u00e0 di azione legale ai nostri danni o per altra finalit\u00e0 dettata dalla legge.<br \/>\nL\u2019Utente dichiara di essere consapevole che al Titolare potrebbe essere richiesto di rivelare i Dati su richiesta delle pubbliche autorit\u00e0.<\/p>\n<p>ultimo aggiornamento 25 maggio 2018<\/p>\n","protected":false},"excerpt":{"rendered":"<p>Di seguito vengono descritte ampiamente le modalit\u00e0 di gestione del sito in riferimento al trattamento dei dati personali degli utenti che lo consultano. Tale policy privacy \u00e8 data anche come breve informativa ai sensi del Regolamento Europeo in materia di privacy n. 679\/2016 (\u201cGDPR&#8221;). Il trattamento si basa sempre su principi di liceit\u00e0 e correttezza [&hellip;]<\/p>\n","protected":false},"author":1,"featured_media":0,"parent":0,"menu_order":99,"comment_status":"closed","ping_status":"closed","template":"","meta":[],"acf":[],"yoast_head":"<!-- This site is optimized with the Yoast SEO plugin v19.12 - https:\/\/yoast.com\/wordpress\/plugins\/seo\/ -->\n<title>Privacy Policy - Italprofil srl<\/title>\n<meta name=\"robots\" content=\"index, follow, max-snippet:-1, max-image-preview:large, max-video-preview:-1\" \/>\n<link rel=\"canonical\" href=\"https:\/\/www.italprofil.it\/it\/privacy-policy\/\" \/>\n<meta property=\"og:locale\" content=\"it_IT\" \/>\n<meta property=\"og:type\" content=\"article\" \/>\n<meta property=\"og:title\" content=\"Privacy Policy - Italprofil srl\" \/>\n<meta property=\"og:description\" content=\"Di seguito vengono descritte ampiamente le modalit\u00e0 di gestione del sito in riferimento al trattamento dei dati personali degli utenti che lo consultano. Tale policy privacy \u00e8 data anche come breve informativa ai sensi del Regolamento Europeo in materia di privacy n. 679\/2016 (\u201cGDPR&#8221;). Il trattamento si basa sempre su principi di liceit\u00e0 e correttezza [&hellip;]\" \/>\n<meta property=\"og:url\" content=\"https:\/\/www.italprofil.it\/it\/privacy-policy\/\" \/>\n<meta property=\"og:site_name\" content=\"Italprofil srl\" \/>\n<meta property=\"article:modified_time\" content=\"2022-03-07T14:16:24+00:00\" \/>\n<meta name=\"twitter:card\" content=\"summary_large_image\" \/>\n<meta name=\"twitter:label1\" content=\"Tempo di lettura stimato\" \/>\n\t<meta name=\"twitter:data1\" content=\"6 minuti\" \/>\n<script type=\"application\/ld+json\" class=\"yoast-schema-graph\">{\"@context\":\"https:\/\/schema.org\",\"@graph\":[{\"@type\":\"WebPage\",\"@id\":\"https:\/\/www.italprofil.it\/it\/privacy-policy\/\",\"url\":\"https:\/\/www.italprofil.it\/it\/privacy-policy\/\",\"name\":\"Privacy Policy - Italprofil srl\",\"isPartOf\":{\"@id\":\"https:\/\/www.italprofil.it\/#website\"},\"datePublished\":\"2022-02-09T09:07:20+00:00\",\"dateModified\":\"2022-03-07T14:16:24+00:00\",\"breadcrumb\":{\"@id\":\"https:\/\/www.italprofil.it\/it\/privacy-policy\/#breadcrumb\"},\"inLanguage\":\"it-IT\",\"potentialAction\":[{\"@type\":\"ReadAction\",\"target\":[\"https:\/\/www.italprofil.it\/it\/privacy-policy\/\"]}]},{\"@type\":\"BreadcrumbList\",\"@id\":\"https:\/\/www.italprofil.it\/it\/privacy-policy\/#breadcrumb\",\"itemListElement\":[{\"@type\":\"ListItem\",\"position\":1,\"name\":\"Home\",\"item\":\"https:\/\/www.italprofil.it\/it\/\"},{\"@type\":\"ListItem\",\"position\":2,\"name\":\"Privacy Policy\"}]},{\"@type\":\"WebSite\",\"@id\":\"https:\/\/www.italprofil.it\/#website\",\"url\":\"https:\/\/www.italprofil.it\/\",\"name\":\"Italprofil srl\",\"description\":\"Accessori per tende da sole\",\"publisher\":{\"@id\":\"https:\/\/www.italprofil.it\/#organization\"},\"alternateName\":\"italprofil.it\",\"inLanguage\":\"it-IT\"},{\"@type\":\"Organization\",\"@id\":\"https:\/\/www.italprofil.it\/#organization\",\"name\":\"Italprofil srl\",\"url\":\"https:\/\/www.italprofil.it\/\",\"logo\":{\"@type\":\"ImageObject\",\"inLanguage\":\"it-IT\",\"@id\":\"https:\/\/www.italprofil.it\/#\/schema\/logo\/image\/\",\"url\":\"https:\/\/www.italprofil.it\/wp-content\/uploads\/2022\/02\/cropped-favicon.png\",\"contentUrl\":\"https:\/\/www.italprofil.it\/wp-content\/uploads\/2022\/02\/cropped-favicon.png\",\"width\":512,\"height\":512,\"caption\":\"Italprofil srl\"},\"image\":{\"@id\":\"https:\/\/www.italprofil.it\/#\/schema\/logo\/image\/\"}}]}<\/script>\n<!-- \/ Yoast SEO plugin. -->","yoast_head_json":{"title":"Privacy Policy - Italprofil srl","robots":{"index":"index","follow":"follow","max-snippet":"max-snippet:-1","max-image-preview":"max-image-preview:large","max-video-preview":"max-video-preview:-1"},"canonical":"https:\/\/www.italprofil.it\/it\/privacy-policy\/","og_locale":"it_IT","og_type":"article","og_title":"Privacy Policy - Italprofil srl","og_description":"Di seguito vengono descritte ampiamente le modalit\u00e0 di gestione del sito in riferimento al trattamento dei dati personali degli utenti che lo consultano. Tale policy privacy \u00e8 data anche come breve informativa ai sensi del Regolamento Europeo in materia di privacy n. 679\/2016 (\u201cGDPR&#8221;). Il trattamento si basa sempre su principi di liceit\u00e0 e correttezza [&hellip;]","og_url":"https:\/\/www.italprofil.it\/it\/privacy-policy\/","og_site_name":"Italprofil srl","article_modified_time":"2022-03-07T14:16:24+00:00","twitter_card":"summary_large_image","twitter_misc":{"Tempo di lettura stimato":"6 minuti"},"schema":{"@context":"https:\/\/schema.org","@graph":[{"@type":"WebPage","@id":"https:\/\/www.italprofil.it\/it\/privacy-policy\/","url":"https:\/\/www.italprofil.it\/it\/privacy-policy\/","name":"Privacy Policy - Italprofil srl","isPartOf":{"@id":"https:\/\/www.italprofil.it\/#website"},"datePublished":"2022-02-09T09:07:20+00:00","dateModified":"2022-03-07T14:16:24+00:00","breadcrumb":{"@id":"https:\/\/www.italprofil.it\/it\/privacy-policy\/#breadcrumb"},"inLanguage":"it-IT","potentialAction":[{"@type":"ReadAction","target":["https:\/\/www.italprofil.it\/it\/privacy-policy\/"]}]},{"@type":"BreadcrumbList","@id":"https:\/\/www.italprofil.it\/it\/privacy-policy\/#breadcrumb","itemListElement":[{"@type":"ListItem","position":1,"name":"Home","item":"https:\/\/www.italprofil.it\/it\/"},{"@type":"ListItem","position":2,"name":"Privacy Policy"}]},{"@type":"WebSite","@id":"https:\/\/www.italprofil.it\/#website","url":"https:\/\/www.italprofil.it\/","name":"Italprofil srl","description":"Accessori per tende da sole","publisher":{"@id":"https:\/\/www.italprofil.it\/#organization"},"alternateName":"italprofil.it","inLanguage":"it-IT"},{"@type":"Organization","@id":"https:\/\/www.italprofil.it\/#organization","name":"Italprofil srl","url":"https:\/\/www.italprofil.it\/","logo":{"@type":"ImageObject","inLanguage":"it-IT","@id":"https:\/\/www.italprofil.it\/#\/schema\/logo\/image\/","url":"https:\/\/www.italprofil.it\/wp-content\/uploads\/2022\/02\/cropped-favicon.png","contentUrl":"https:\/\/www.italprofil.it\/wp-content\/uploads\/2022\/02\/cropped-favicon.png","width":512,"height":512,"caption":"Italprofil srl"},"image":{"@id":"https:\/\/www.italprofil.it\/#\/schema\/logo\/image\/"}}]}},"_links":{"self":[{"href":"https:\/\/www.italprofil.it\/it\/wp-json\/wp\/v2\/pages\/3"}],"collection":[{"href":"https:\/\/www.italprofil.it\/it\/wp-json\/wp\/v2\/pages"}],"about":[{"href":"https:\/\/www.italprofil.it\/it\/wp-json\/wp\/v2\/types\/page"}],"author":[{"embeddable":true,"href":"https:\/\/www.italprofil.it\/it\/wp-json\/wp\/v2\/users\/1"}],"replies":[{"embeddable":true,"href":"https:\/\/www.italprofil.it\/it\/wp-json\/wp\/v2\/comments?post=3"}],"version-history":[{"count":4,"href":"https:\/\/www.italprofil.it\/it\/wp-json\/wp\/v2\/pages\/3\/revisions"}],"predecessor-version":[{"id":837,"href":"https:\/\/www.italprofil.it\/it\/wp-json\/wp\/v2\/pages\/3\/revisions\/837"}],"wp:attachment":[{"href":"https:\/\/www.italprofil.it\/it\/wp-json\/wp\/v2\/media?parent=3"}],"curies":[{"name":"wp","href":"https:\/\/api.w.org\/{rel}","templated":true}]}}